{"id":44,"date":"2025-03-30T18:23:05","date_gmt":"2025-03-30T16:23:05","guid":{"rendered":"https:\/\/mskach.cz\/?page_id=44"},"modified":"2025-12-07T15:18:54","modified_gmt":"2025-12-07T14:18:54","slug":"informacni-deska","status":"publish","type":"page","link":"https:\/\/mskach.cz\/","title":{"rendered":"Informa\u010dn\u00ed deska"},"content":{"rendered":"\n<div class=\"wp-block-group alignfull has-global-padding is-layout-constrained wp-container-core-group-is-layout-e212ebc6 wp-block-group-is-layout-constrained\">\n<div class=\"wp-block-group alignwide is-layout-flow wp-block-group-is-layout-flow\" style=\"border-style:none;border-width:0px;border-top-left-radius:10px;border-top-right-radius:10px;border-bottom-left-radius:10px;border-bottom-right-radius:10px;min-height:0px;margin-top:var(--wp--preset--spacing--10);margin-bottom:var(--wp--preset--spacing--10);padding-top:var(--wp--preset--spacing--10);padding-right:var(--wp--preset--spacing--10);padding-bottom:var(--wp--preset--spacing--10);padding-left:var(--wp--preset--spacing--10);box-shadow:var(--wp--preset--shadow--deep)\"><ul class=\"wp-block-latest-posts__list has-dates has-author has-link-color aligncenter info-board-latest wp-elements-b7c3727c1f6d5386c3c17ea8001e50cd wp-block-latest-posts has-text-color has-contrast-color\"><li><a class=\"wp-block-latest-posts__post-title\" href=\"https:\/\/mskach.cz\/?p=302\">Revize plynu<\/a><div class=\"wp-block-latest-posts__post-author\">Autor: m.skach@volny.cz<\/div><time datetime=\"2025-12-07T15:31:07+01:00\" class=\"wp-block-latest-posts__post-date\">7. 12. 2025<\/time><div class=\"wp-block-latest-posts__post-full-content\"><!-- wp:group {\"align\":\"full\",\"layout\":{\"type\":\"default\"}} -->\n<div class=\"wp-block-group alignfull\"><!-- wp:html -->\n<figure class=\"wp-block-image aligncenter size-large is-resized\" style=\"text-align:center\"><img loading=\"lazy\" decoding=\"async\" width=\"1024\" height=\"556\" src=\"https:\/\/mskach.cz\/wp-content\/uploads\/2025\/12\/betagaslogo-1024x556.png\" alt=\"\" class=\"wp-image-303\" style=\"aspect-ratio:1.8418023351422463;width:201px;height:auto\" srcset=\"https:\/\/mskach.cz\/wp-content\/uploads\/2025\/12\/betagaslogo-1024x556.png 1024w, https:\/\/mskach.cz\/wp-content\/uploads\/2025\/12\/betagaslogo-300x163.png 300w, https:\/\/mskach.cz\/wp-content\/uploads\/2025\/12\/betagaslogo-768x417.png 768w, https:\/\/mskach.cz\/wp-content\/uploads\/2025\/12\/betagaslogo-1536x834.png 1536w, https:\/\/mskach.cz\/wp-content\/uploads\/2025\/12\/betagaslogo.png 1924w\" sizes=\"auto, (max-width: 1024px) 100vw, 1024px\" \/><\/figure>\n<!-- \/wp:html -->\n\n<!-- wp:paragraph {\"align\":\"center\"} -->\n<p class=\"has-text-align-center\"><em><u>Informace pro u\u017eivatele objektu: Z\u00e1rubova 494\/26 \u2013 Praha 4<\/u><\/em><\/p>\n<!-- \/wp:paragraph -->\n\n<!-- wp:heading {\"textAlign\":\"center\",\"style\":{\"typography\":{\"lineHeight\":\"1\"},\"elements\":{\"link\":{\"color\":{\"text\":\"var:preset|color|contrast\"}}}},\"textColor\":\"contrast\"} -->\n<h2 class=\"wp-block-heading has-text-align-center has-contrast-color has-text-color has-link-color\" style=\"line-height:1\"><strong>!!! V\u00e1\u017een\u00ed u\u017eivatel\u00e9 !!!<\/strong><\/h2>\n<!-- \/wp:heading -->\n\n<!-- wp:html -->\n<P>\n<div ALIGN=\"CENTER\"><FONT FACE=\"Garamond, serif\" SIZE=\"6\" COLOR=\"#c00000\">\n<I><U><B>dne 27.3. 2023 (pond\u011bl\u00ed) od 16:00   <\/B><\/U><\/I><\/FONT>\n<\/div>\n<P ALIGN=\"CENTER\" STYLE=\"line-height: 200%\">\n<FONT FACE=\"Garamond, serif\" SIZE=\"6\">\n<B>bude\nve Va\u0161em dom\u011b prob\u00edhat celkov\u00e1 kontrola plynov\u00e9ho za\u0159\u00edzen\u00ed. \u017d\u00e1d\u00e1m V\u00e1s\nt\u00edmto o zp\u0159\u00edstupn\u011bn\u00ed Va\u0161ich byt\u016f <BR> \n(plynom\u011br\u016f, veden\u00ed v\u010d. spot\u0159ebi\u010d\u016f a spole\u010dn\u00fdch prostor).\n<\/B><\/FONT><\/P>\n<I>\n<P>\n<FONT FACE=\"Garamond, serif\" SIZE=\"5\">\n<B>Pozn. 1)<\/B> Revizn\u00ed technik p. Mikitinec Jan se <U>na po\u017e\u00e1d\u00e1n\u00ed<\/U> p\u0159ed vstupem do Va\u0161eho bytu, prok\u00e1\u017ee\nob\u010dansk\u00fdm pr\u016fkazem.\n<br>\n<B>Pozn. 2)<\/B> Kontrola bude prob\u00edhat od horn\u00edch pater sm\u011brem dol\u016f\n<br>\n<B>Pozn. 3)<\/B> Plat\u00ed i pro byty, kter\u00e9 NEMAJ\u00cd odb\u011br plynu (plynom\u011br), bytem proch\u00e1z\u00ed stoupac\u00ed veden\u00ed a je nutn\u00e9 kontrolovat i zaslepen\u00e9 odbo\u010dky v\u00a0instala\u010dn\u00edch\nj\u00e1drech. \n<\/FONT>\n<\/I>     \n<\/P>                                                                \n                                   \n<P CLASS=\"western\" ALIGN=\"RIGHT\" STYLE=\"font-weight: normal\">                      \n<FONT SIZE=\"5\"><I><B>D\u011bkuji za Va\u0161e pochopen\u00ed<br>\nza Betagas s.r.o.<\/B><\/I><\/FONT><\/P>\n\n<P CLASS=\"western\" STYLE=\"font-weight: normal\"><FONT SIZE=\"3\">\n<I><B><U>Objedn\u00e1no od:<\/U> za BD Z\u00e1rubova 494 \u2013 p. \u0160kach a za Agenturu BYT \u2013 p. \u010cepela<\/B><\/I><\/FONT>\n<\/P>\n<P CLASS=\"western\"><FONT SIZE=\"4\">\n<I><B>Kontakt pro odpov\u011bdi na Va\u0161e p\u0159\u00edpadn\u00e9 up\u0159es\u0148uj\u00edc\u00ed dotazy:<\/B><BR> \nBetagas s.r.o., p. Mikitinec \u2013 777\u00a0972\u00a0437 <\/I>\n<\/FONT>\n<\/P>\n<\/p>\n<!-- \/wp:html --><\/div>\n<!-- \/wp:group -->\n\n<!-- wp:paragraph -->\n<p><\/p>\n<!-- \/wp:paragraph --><\/div><\/li>\n<li><a class=\"wp-block-latest-posts__post-title\" href=\"https:\/\/mskach.cz\/?p=347\">Hlasov\u00e1n\u00ed \u010dlensk\u00e9 sch\u016fze<\/a><div class=\"wp-block-latest-posts__post-author\">Autor: m.skach@volny.cz<\/div><time datetime=\"2023-10-01T00:00:00+02:00\" class=\"wp-block-latest-posts__post-date\">1. 10. 2023<\/time><div class=\"wp-block-latest-posts__post-full-content\"><!-- wp:group {\"layout\":{\"type\":\"constrained\",\"contentSize\":\"80%\"}} -->\n<div class=\"wp-block-group\"><!-- wp:paragraph -->\n<p>V\u00e1\u017een\u00ed \u010dlenov\u00e9 dru\u017estva,<\/p>\n<!-- \/wp:paragraph -->\n\n<!-- wp:paragraph {\"style\":{\"spacing\":{\"margin\":{\"top\":\"0\",\"bottom\":\"0\",\"left\":\"0\",\"right\":\"0\"}}}} -->\n<p style=\"margin-top:0;margin-right:0;margin-bottom:0;margin-left:0\">V term\u00ednu\u00a0<strong>1.-31.10.2023<\/strong>\u00a0prob\u011bhne hlasov\u00e1n\u00ed \u010dlensk\u00e9 sch\u016fze formou per rollam. <\/p>\n<!-- \/wp:paragraph -->\n\n<!-- wp:paragraph {\"style\":{\"spacing\":{\"margin\":{\"top\":\"0\",\"bottom\":\"0\",\"left\":\"0\",\"right\":\"0\"}}}} -->\n<p style=\"margin-top:0;margin-right:0;margin-bottom:0;margin-left:0\">Bli\u017e\u0161\u00ed informace naleznete ve sv\u00fdch po\u0161tovn\u00edch schr\u00e1nk\u00e1ch, p\u0159\u00edpadn\u011b jsou podklady ke sta\u017een\u00ed zde.<\/p>\n<!-- \/wp:paragraph -->\n\n<!-- wp:list {\"style\":{\"spacing\":{\"margin\":{\"top\":\"0\",\"bottom\":\"0\"}}}} -->\n<ul style=\"margin-top:0;margin-bottom:0\" class=\"wp-block-list\"><!-- wp:list-item -->\n<li><a href=\"https:\/\/mskach.cz\/wp-content\/uploads\/2025\/12\/2023_10_per_rollam_oznameni_dopis.pdf\" data-type=\"link\" data-id=\"https:\/\/mskach.cz\/wp-content\/uploads\/2025\/12\/2023_10_per_rollam_oznameni_listek.pdf\" target=\"_blank\" rel=\"noreferrer noopener\">Pr\u016fvodn\u00ed dopis (bez p\u0159\u00edloh)<\/a><\/li>\n<!-- \/wp:list-item -->\n\n<!-- wp:list-item -->\n<li><a href=\"https:\/\/mskach.cz\/wp-content\/uploads\/2025\/12\/2023_10_per_rollam_oznameni_listek.pdf\" data-type=\"link\" data-id=\"https:\/\/mskach.cz\/wp-content\/uploads\/2025\/12\/2023_10_per_rollam_oznameni_listek.pdf\" target=\"_blank\" rel=\"noreferrer noopener\">Hlasovac\u00ed l\u00edstek<\/a><\/li>\n<!-- \/wp:list-item --><\/ul>\n<!-- \/wp:list -->\n\n<!-- wp:paragraph -->\n<p><\/p>\n<!-- \/wp:paragraph -->\n\n<!-- wp:paragraph {\"style\":{\"spacing\":{\"margin\":{\"top\":\"0\",\"bottom\":\"0\"}}}} -->\n<p style=\"margin-top:0;margin-bottom:0\">Jak\u00e9koliv dotazy k dan\u00e9mu t\u00e9matu V\u00e1m r\u00e1d zodpov\u00ed p\u0159edseda BD.<\/p>\n<!-- \/wp:paragraph -->\n\n<!-- wp:paragraph {\"style\":{\"spacing\":{\"margin\":{\"top\":\"var:preset|spacing|10\",\"bottom\":\"0\"}}}} -->\n<p style=\"margin-top:var(--wp--preset--spacing--10);margin-bottom:0\">D\u011bkujeme za vyj\u00e1d\u0159en\u00ed Va\u0161eho n\u00e1zoru.<\/p>\n<!-- \/wp:paragraph -->\n\n<!-- wp:paragraph {\"align\":\"right\",\"style\":{\"spacing\":{\"margin\":{\"top\":\"0\",\"bottom\":\"0\"}}}} -->\n<p class=\"has-text-align-right\" style=\"margin-top:0;margin-bottom:0\">Jm\u00e9nem p\u0159edstavenstva dru\u017estva<br>Martin \u0160kach<br>p\u0159edseda BD<\/p>\n<!-- \/wp:paragraph --><\/div>\n<!-- \/wp:group --><\/div><\/li>\n<\/ul><\/div>\n<\/div>\n","protected":false},"excerpt":{"rendered":"","protected":false},"author":1,"featured_media":0,"parent":0,"menu_order":0,"comment_status":"closed","ping_status":"closed","template":"","meta":{"footnotes":""},"class_list":["post-44","page","type-page","status-publish","hentry"],"_links":{"self":[{"href":"https:\/\/mskach.cz\/index.php?rest_route=\/wp\/v2\/pages\/44","targetHints":{"allow":["GET"]}}],"collection":[{"href":"https:\/\/mskach.cz\/index.php?rest_route=\/wp\/v2\/pages"}],"about":[{"href":"https:\/\/mskach.cz\/index.php?rest_route=\/wp\/v2\/types\/page"}],"author":[{"embeddable":true,"href":"https:\/\/mskach.cz\/index.php?rest_route=\/wp\/v2\/users\/1"}],"replies":[{"embeddable":true,"href":"https:\/\/mskach.cz\/index.php?rest_route=%2Fwp%2Fv2%2Fcomments&post=44"}],"version-history":[{"count":17,"href":"https:\/\/mskach.cz\/index.php?rest_route=\/wp\/v2\/pages\/44\/revisions"}],"predecessor-version":[{"id":301,"href":"https:\/\/mskach.cz\/index.php?rest_route=\/wp\/v2\/pages\/44\/revisions\/301"}],"wp:attachment":[{"href":"https:\/\/mskach.cz\/index.php?rest_route=%2Fwp%2Fv2%2Fmedia&parent=44"}],"curies":[{"name":"wp","href":"https:\/\/api.w.org\/{rel}","templated":true}]}}