{"id":55,"date":"2025-03-30T18:41:41","date_gmt":"2025-03-30T16:41:41","guid":{"rendered":"https:\/\/mskach.cz\/?page_id=55"},"modified":"2025-04-25T23:36:11","modified_gmt":"2025-04-25T21:36:11","slug":"kontakty","status":"publish","type":"page","link":"https:\/\/mskach.cz\/?page_id=55","title":{"rendered":"Kontakty"},"content":{"rendered":"\n<div class=\"wp-block-group alignfull has-global-padding is-layout-constrained wp-container-core-group-is-layout-e212ebc6 wp-block-group-is-layout-constrained\">\n<div class=\"wp-block-group alignwide is-layout-flow wp-container-core-group-is-layout-0e1ff892 wp-block-group-is-layout-flow\" style=\"border-style:none;border-width:0px;border-radius:10px;min-height:0px;margin-top:var(--wp--preset--spacing--10);margin-bottom:var(--wp--preset--spacing--10);padding-top:var(--wp--preset--spacing--10);padding-right:var(--wp--preset--spacing--10);padding-bottom:var(--wp--preset--spacing--10);padding-left:var(--wp--preset--spacing--10);box-shadow:var(--wp--preset--shadow--deep)\">\n<div class=\"wp-block-group alignwide has-border-color is-layout-flow wp-block-group-is-layout-flow\" style=\"border-color:#A4A4A4;border-width:1px;border-radius:8px;padding-top:var(--wp--preset--spacing--10);padding-right:var(--wp--preset--spacing--10);padding-bottom:var(--wp--preset--spacing--10);padding-left:var(--wp--preset--spacing--10)\">\n<h3 class=\"wp-block-heading\" style=\"border-style:none;border-width:0px\">P\u0159edstavenstvo<\/h3>\n\n\n\n<figure class=\"wp-block-table alignwide is-style-stripes\"><table><thead><tr><th><\/th><th class=\"has-text-align-center\" data-align=\"center\">Jm\u00e9no<\/th><th class=\"has-text-align-center\" data-align=\"center\">Telefon<\/th><th class=\"has-text-align-center\" data-align=\"center\">Email<\/th><\/tr><\/thead><tbody><tr><td>p\u0159edseda p\u0159edstavenstva<\/td><td class=\"has-text-align-center\" data-align=\"center\">Martin \u0160kach<\/td><td class=\"has-text-align-center\" data-align=\"center\">603 404 779<\/td><td class=\"has-text-align-center\" data-align=\"center\"><a href=\"mailto:m.skach@volny.cz\">m.skach@volny.cz<\/a><\/td><\/tr><tr><td>m\u00edstop\u0159edseda p\u0159edstavenstva<\/td><td class=\"has-text-align-center\" data-align=\"center\">Josef Nov\u00e1k<\/td><td class=\"has-text-align-center\" data-align=\"center\"><\/td><td class=\"has-text-align-center\" data-align=\"center\"><\/td><\/tr><tr><td>\u010dlen p\u0159edstavenstva<\/td><td class=\"has-text-align-center\" data-align=\"center\">Josef Ors\u00e1g<\/td><td class=\"has-text-align-center\" data-align=\"center\"><\/td><td class=\"has-text-align-center\" data-align=\"center\"><\/td><\/tr><\/tbody><\/table><\/figure>\n<\/div>\n\n\n\n<div style=\"height:1em\" aria-hidden=\"true\" class=\"wp-block-spacer\"><\/div>\n\n\n\n<div class=\"wp-block-group has-border-color is-layout-flow wp-block-group-is-layout-flow\" style=\"border-color:#A4A4A4;border-width:1px;border-radius:8px;padding-top:var(--wp--preset--spacing--10);padding-right:var(--wp--preset--spacing--10);padding-bottom:var(--wp--preset--spacing--10);padding-left:var(--wp--preset--spacing--10)\">\n<h3 class=\"wp-block-heading alignwide\" style=\"border-style:none;border-width:0px\">Spravn\u00ed firma (p\u0159edpisy plateb, n\u00e1jemn\u00ed smlouvy apod.)<\/h3>\n\n\n\n<figure class=\"wp-block-table alignwide\"><table class=\"has-fixed-layout\" style=\"border-style:none;border-width:0px\"><tbody><tr><td><strong>Agentura BYT s.r.o.<\/strong><br>Na Rovin\u00e1ch 324\/12<br>142 00 Praha 4 &#8211; Lhotka<\/td><td><a href=\"http:\/\/www.agenturabyt.cz\/\" target=\"_blank\" rel=\"noreferrer noopener\">www.agenturabyt.cz<\/a><br>Tel.: 273 160 034, 273 160 035, 731 164 379<br><a href=\"mailto:info@agenturabyt.cz\">info@agenturabyt.cz<\/a><br>predpis platbeb, n\u00e1jemn\u00ed smlouvy, vy\u00fa\u010dtovan\u00ed slu\u017eeb: <a href=\"mailto:renata.skvorova@agenturabyt.cz\">renata.skvorova@agenturabyt.cz<\/a><\/td><\/tr><\/tbody><\/table><\/figure>\n\n\n\n<figure class=\"wp-block-table alignwide is-style-stripes\" style=\"line-height:1.2\"><table class=\"has-fixed-layout\" style=\"border-style:none;border-width:0px\"><thead><tr><th class=\"has-text-align-left\" data-align=\"left\">N\u00e1v\u0161t\u011bvn\u00ed hodiny<\/th><th class=\"has-text-align-left\" data-align=\"left\"><\/th><\/tr><\/thead><tbody><tr><td class=\"has-text-align-left\" data-align=\"left\">Pond\u011bl\u00ed<\/td><td class=\"has-text-align-left\" data-align=\"left\">8:00 &#8211; 12:00&nbsp;&nbsp;&nbsp;12:30 &#8211; 16:30<\/td><\/tr><tr><td class=\"has-text-align-left\" data-align=\"left\">St\u0159eda<\/td><td class=\"has-text-align-left\" data-align=\"left\">8:00 &#8211; 12:00&nbsp;&nbsp;&nbsp;12:30 &#8211; 18:00<\/td><\/tr><tr><td class=\"has-text-align-left\" data-align=\"left\"><em>nebo kdykoliv v pracovn\u00ed dob\u011b po p\u0159edchoz\u00ed dohod\u011b<\/em><\/td><td class=\"has-text-align-left\" data-align=\"left\"><\/td><\/tr><\/tbody><\/table><\/figure>\n<\/div>\n\n\n\n<div style=\"height:1em\" aria-hidden=\"true\" class=\"wp-block-spacer\"><\/div>\n\n\n\n<div class=\"wp-block-group has-border-color is-layout-flow wp-block-group-is-layout-flow\" style=\"border-color:#A4A4A4;border-width:1px;border-radius:8px;padding-top:var(--wp--preset--spacing--10);padding-right:var(--wp--preset--spacing--10);padding-bottom:var(--wp--preset--spacing--10);padding-left:var(--wp--preset--spacing--10)\">\n<h3 class=\"wp-block-heading alignwide\" style=\"border-style:none;border-width:0px\">Havarijn\u00ed servis (elektro, plyn, voda, topen\u00ed apod.)<\/h3>\n\n\n\n<figure class=\"wp-block-table alignwide\"><table class=\"has-fixed-layout\" style=\"border-style:none;border-width:0px\"><tbody><tr><td><strong>BYTOSERVIS-NON STOP, s.r.o.<\/strong><br>Na rovin\u00e1ch 278\/46<br>142 00 Praha 4<\/td><td><a href=\"https:\/\/bytoservis.eu\" data-type=\"link\" data-id=\"https:\/\/bytoservis.eu\" target=\"_blank\" rel=\"noreferrer noopener\">bytoservis.eu<\/a><br>Tel.: 241 414 141, 241 412 222, 605 424 242<br><a href=\"mailto:info@bytoservis.eu\">info@bytoservis.eu<\/a>, <a href=\"mailto:dispecink@bytoservis.eu\">dispecink@bytoservis.eu<\/a><\/td><\/tr><\/tbody><\/table><\/figure>\n<\/div>\n\n\n\n<div style=\"height:1em\" aria-hidden=\"true\" class=\"wp-block-spacer\"><\/div>\n\n\n\n<div class=\"wp-block-group has-border-color is-layout-flow wp-block-group-is-layout-flow\" style=\"border-color:#A4A4A4;border-width:1px;border-radius:8px;padding-top:var(--wp--preset--spacing--10);padding-right:var(--wp--preset--spacing--10);padding-bottom:var(--wp--preset--spacing--10);padding-left:var(--wp--preset--spacing--10)\">\n<h3 class=\"wp-block-heading alignwide\" style=\"border-style:none;border-width:0px\">Servis v\u00fdtahu<\/h3>\n\n\n\n<figure class=\"wp-block-table alignwide\"><table class=\"has-fixed-layout\" style=\"border-style:none;border-width:0px\"><tbody><tr><td><strong>Schindler CZ, a.s.<\/strong><br>Walterovo n\u00e1m\u011bst\u00ed 329\/3<br>158 00 Praha 5<\/td><td><a href=\"https:\/\/www.schindler-cz.cz\/cs.html\" target=\"_blank\" rel=\"noreferrer noopener\">www.schindler-cz.cz<\/a><br><strong>Tel.: 844 844 808 (non-stop dispe\u010dink oprav)<\/strong><br><a href=\"mailto:info.cz@schindler.com\">info.cz@schindler.com<\/a><\/td><\/tr><\/tbody><\/table><\/figure>\n\n\n\n<figure class=\"wp-block-table alignwide\"><table class=\"has-fixed-layout\" style=\"border-style:none;border-width:0px\"><tbody><tr><td>Na\u0161e servisn\u00ed smlouva zahrnuje vypro\u0161t\u011bn\u00ed osob nonstop, odstran\u011bn\u00ed ostatn\u00edch poruch v pracovn\u00ed dob\u011b (Po-P\u00e1 7-15). Poruchu je mo\u017en\u00e9 nahl\u00e1sit na dispe\u010dink kdykoliv.<\/td><\/tr><\/tbody><\/table><\/figure>\n<\/div>\n<\/div>\n<\/div>\n","protected":false},"excerpt":{"rendered":"<p>P\u0159edstavenstvo Jm\u00e9no Telefon Email p\u0159edseda p\u0159edstavenstva Martin \u0160kach 603 404 779 m.skach@volny.cz m\u00edstop\u0159edseda p\u0159edstavenstva Josef Nov\u00e1k \u010dlen p\u0159edstavenstva Josef Ors\u00e1g Spravn\u00ed firma (p\u0159edpisy plateb, n\u00e1jemn\u00ed smlouvy apod.) Agentura BYT s.r.o.Na Rovin\u00e1ch 324\/12142 00 Praha 4 &#8211; Lhotka www.agenturabyt.czTel.: 273 160 034, 273 160 035, 731 164 379info@agenturabyt.czpredpis platbeb, n\u00e1jemn\u00ed smlouvy, vy\u00fa\u010dtovan\u00ed slu\u017eeb: renata.skvorova@agenturabyt.cz N\u00e1v\u0161t\u011bvn\u00ed hodiny [&hellip;]<\/p>\n","protected":false},"author":1,"featured_media":0,"parent":0,"menu_order":0,"comment_status":"closed","ping_status":"closed","template":"","meta":{"footnotes":""},"class_list":["post-55","page","type-page","status-publish","hentry"],"_links":{"self":[{"href":"https:\/\/mskach.cz\/index.php?rest_route=\/wp\/v2\/pages\/55","targetHints":{"allow":["GET"]}}],"collection":[{"href":"https:\/\/mskach.cz\/index.php?rest_route=\/wp\/v2\/pages"}],"about":[{"href":"https:\/\/mskach.cz\/index.php?rest_route=\/wp\/v2\/types\/page"}],"author":[{"embeddable":true,"href":"https:\/\/mskach.cz\/index.php?rest_route=\/wp\/v2\/users\/1"}],"replies":[{"embeddable":true,"href":"https:\/\/mskach.cz\/index.php?rest_route=%2Fwp%2Fv2%2Fcomments&post=55"}],"version-history":[{"count":43,"href":"https:\/\/mskach.cz\/index.php?rest_route=\/wp\/v2\/pages\/55\/revisions"}],"predecessor-version":[{"id":229,"href":"https:\/\/mskach.cz\/index.php?rest_route=\/wp\/v2\/pages\/55\/revisions\/229"}],"wp:attachment":[{"href":"https:\/\/mskach.cz\/index.php?rest_route=%2Fwp%2Fv2%2Fmedia&parent=55"}],"curies":[{"name":"wp","href":"https:\/\/api.w.org\/{rel}","templated":true}]}}