{"id":63,"date":"2025-03-30T18:54:07","date_gmt":"2025-03-30T16:54:07","guid":{"rendered":"https:\/\/mskach.cz\/?page_id=63"},"modified":"2025-04-26T00:34:56","modified_gmt":"2025-04-25T22:34:56","slug":"o-nas","status":"publish","type":"page","link":"https:\/\/mskach.cz\/?page_id=63","title":{"rendered":"O n\u00e1s"},"content":{"rendered":"\n<div class=\"wp-block-group alignfull has-global-padding is-layout-constrained wp-container-core-group-is-layout-e212ebc6 wp-block-group-is-layout-constrained\">\n<div class=\"wp-block-group alignwide is-content-justification-left is-nowrap is-layout-flex wp-container-core-group-is-layout-4c096fcb wp-block-group-is-layout-flex\" style=\"border-style:none;border-width:0px;border-radius:10px;min-height:0px;margin-top:var(--wp--preset--spacing--10);margin-bottom:var(--wp--preset--spacing--10);padding-top:var(--wp--preset--spacing--10);padding-right:var(--wp--preset--spacing--10);padding-bottom:var(--wp--preset--spacing--10);padding-left:var(--wp--preset--spacing--10);box-shadow:var(--wp--preset--shadow--deep)\">\n<div class=\"wp-block-group alignwide has-border-color has-contrast-3-border-color is-layout-flow wp-block-group-is-layout-flow\" style=\"border-width:1px;border-radius:10px;padding-top:var(--wp--preset--spacing--10);padding-right:var(--wp--preset--spacing--10);padding-bottom:var(--wp--preset--spacing--10);padding-left:var(--wp--preset--spacing--10)\">\n<p><strong>Z\u00e1rubova<\/strong>&nbsp;<strong>494,<\/strong>&nbsp;<strong>bytov\u00e9<\/strong>&nbsp;<strong>dru\u017estvo<\/strong><\/p>\n\n\n\n<p>Z\u00e1rubova 494\/26<br>142 00&nbsp;Praha 12<br>\u010cesk\u00e1 republika<\/p>\n\n\n\n<p><strong>Tel.<\/strong>&nbsp;&nbsp;&nbsp;&nbsp;&nbsp;<strong>:<\/strong>&nbsp;603 404 779<br><strong>E-mail<\/strong>&nbsp;<strong>:<\/strong>&nbsp;<a href=\"mailto:info@zarubova494.cz\">info@zarubova494.cz<\/a><br><strong>I\u010c<\/strong>&nbsp;&nbsp;&nbsp;&nbsp;&nbsp;&nbsp;&nbsp;<strong>:<\/strong> 25099639<\/p>\n<\/div>\n\n\n\n<div style=\"height:100px;width:0px\" aria-hidden=\"true\" class=\"wp-block-spacer wp-container-content-b0b89ccb\"><\/div>\n\n\n\n<div class=\"wp-block-group has-border-color wp-container-content-9cfa9a5a is-layout-flow wp-block-group-is-layout-flow\" style=\"border-color:#A4A4A4;border-width:1px;border-radius:10px;min-height:540px;padding-top:var(--wp--preset--spacing--10);padding-right:var(--wp--preset--spacing--10);padding-bottom:var(--wp--preset--spacing--10);padding-left:var(--wp--preset--spacing--10)\">\n<h3 class=\"wp-block-heading alignwide has-text-align-center\" style=\"border-style:none;border-width:0px\">Kde n\u00e1s najdete<\/h3>\n\n\n\n<iframe loading=\"lazy\" style=\"border:none\" src=\"https:\/\/mapy.cz\/s\/duhejemamu\" width=\"100%\" height=\"440\" frameborder=\"0\"><\/iframe>\n<\/div>\n<\/div>\n<\/div>\n\n\n\n<p><\/p>\n","protected":false},"excerpt":{"rendered":"<p>Z\u00e1rubova&nbsp;494,&nbsp;bytov\u00e9&nbsp;dru\u017estvo Z\u00e1rubova 494\/26142 00&nbsp;Praha 12\u010cesk\u00e1 republika Tel.&nbsp;&nbsp;&nbsp;&nbsp;&nbsp;:&nbsp;603 404 779E-mail&nbsp;:&nbsp;info@zarubova494.czI\u010c&nbsp;&nbsp;&nbsp;&nbsp;&nbsp;&nbsp;&nbsp;: 25099639 Kde n\u00e1s najdete<\/p>\n","protected":false},"author":1,"featured_media":0,"parent":0,"menu_order":0,"comment_status":"closed","ping_status":"closed","template":"","meta":{"footnotes":""},"class_list":["post-63","page","type-page","status-publish","hentry"],"_links":{"self":[{"href":"https:\/\/mskach.cz\/index.php?rest_route=\/wp\/v2\/pages\/63","targetHints":{"allow":["GET"]}}],"collection":[{"href":"https:\/\/mskach.cz\/index.php?rest_route=\/wp\/v2\/pages"}],"about":[{"href":"https:\/\/mskach.cz\/index.php?rest_route=\/wp\/v2\/types\/page"}],"author":[{"embeddable":true,"href":"https:\/\/mskach.cz\/index.php?rest_route=\/wp\/v2\/users\/1"}],"replies":[{"embeddable":true,"href":"https:\/\/mskach.cz\/index.php?rest_route=%2Fwp%2Fv2%2Fcomments&post=63"}],"version-history":[{"count":34,"href":"https:\/\/mskach.cz\/index.php?rest_route=\/wp\/v2\/pages\/63\/revisions"}],"predecessor-version":[{"id":265,"href":"https:\/\/mskach.cz\/index.php?rest_route=\/wp\/v2\/pages\/63\/revisions\/265"}],"wp:attachment":[{"href":"https:\/\/mskach.cz\/index.php?rest_route=%2Fwp%2Fv2%2Fmedia&parent=63"}],"curies":[{"name":"wp","href":"https:\/\/api.w.org\/{rel}","templated":true}]}}